{"id":1593,"date":"2025-07-24T20:17:09","date_gmt":"2025-07-24T20:17:09","guid":{"rendered":"https:\/\/gruposhipros.com\/?post_type=product&#038;p=1593"},"modified":"2025-09-26T10:47:54","modified_gmt":"2025-09-26T10:47:54","slug":"minisplit-estandar-ac121cf","status":"publish","type":"product","link":"https:\/\/gruposhipros.com\/index.php\/product\/minisplit-estandar-ac121cf\/","title":{"rendered":"Minisplit ESTANDAR  AC121CF"},"content":{"rendered":"<p>Display LED Panel Frontal Control<br \/>\nRemoto Panel removible y lavable<br \/>\nFiltro de alta densidad<br \/>\nTemporizador de encendido\/apagado<br \/>\n3 Velocidades de ventilaci\u00f3n Funci\u00f3n \u201cSleep\u201d<br \/>\nAuto reinicio al regresar la corriente<br \/>\nDeshumidificaci\u00f3n Golden Fin<br \/>\nCapacidad de enfriamiento 12K (BTU\/h)<br \/>\nAlimentaci\u00f3n en enfriamiento 1440 (W)<br \/>\nCorriente de enfriamiento 12.6 (A)<br \/>\nRemoci\u00f3n de humedad 1.0 (L\/h)<br \/>\nCirculaci\u00f3n de aire (Max.) 550 (m3\/h)<br \/>\nVoltaje, Frecuencia 115 V~,60 Hz<br \/>\nTipo de refrigerante R410A<br \/>\nCobre\/Aluminio<\/p>\n","protected":false},"excerpt":{"rendered":"<p>Funci\u00f3n: S\u00d3LO FR\u00cdO<br \/>\n1 Tonelada | 115 Vts<br \/>\nColor: Blanco<br \/>\nSEER: 11.5<br \/>\nDIMENSIONES: Ancho | 79cm, Profundidad | 25.5cm, Altura | 20cm, Peso | 9Kg<\/p>\n","protected":false},"featured_media":1594,"comment_status":"open","ping_status":"closed","template":"","meta":[],"etheme_brands":[],"product_brand":[],"product_cat":[40],"product_tag":[],"class_list":{"0":"post-1593","1":"product","2":"type-product","3":"status-publish","4":"has-post-thumbnail","6":"product_cat-mini-split-estandar","8":"first","9":"instock","10":"shipping-taxable","11":"product-type-simple"},"yoast_head":"<!-- This site is optimized with the Yoast SEO Premium plugin v23.4 (Yoast SEO v23.4) - https:\/\/yoast.com\/wordpress\/plugins\/seo\/ -->\n<title>Minisplit ESTANDAR AC121CF - GRUPO SHIPROS<\/title>\n<meta name=\"robots\" content=\"index, follow, max-snippet:-1, max-image-preview:large, max-video-preview:-1\" \/>\n<link rel=\"canonical\" href=\"https:\/\/gruposhipros.com\/index.php\/product\/minisplit-estandar-ac121cf\/\" \/>\n<meta property=\"og:locale\" content=\"es_MX\" \/>\n<meta property=\"og:type\" content=\"article\" \/>\n<meta property=\"og:title\" content=\"Minisplit ESTANDAR AC121CF\" \/>\n<meta property=\"og:description\" content=\"Funci\u00f3n: S\u00d3LO FR\u00cdO 1 Tonelada | 115 Vts Color: Blanco SEER: 11.5 DIMENSIONES: Ancho | 79cm, Profundidad | 25.5cm, Altura | 20cm, Peso | 9Kg\" \/>\n<meta property=\"og:url\" content=\"https:\/\/gruposhipros.com\/index.php\/product\/minisplit-estandar-ac121cf\/\" \/>\n<meta property=\"og:site_name\" content=\"GRUPO SHIPROS\" \/>\n<meta property=\"article:modified_time\" content=\"2025-09-26T10:47:54+00:00\" \/>\n<meta property=\"og:image\" content=\"https:\/\/gruposhipros.com\/wp-content\/uploads\/2025\/07\/minisplit1-1.jpg\" \/>\n\t<meta property=\"og:image:width\" content=\"810\" \/>\n\t<meta property=\"og:image:height\" content=\"750\" \/>\n\t<meta property=\"og:image:type\" content=\"image\/jpeg\" \/>\n<meta name=\"twitter:card\" content=\"summary_large_image\" \/>\n<meta name=\"twitter:label1\" content=\"Tiempo de lectura\" \/>\n\t<meta name=\"twitter:data1\" content=\"1 minuto\" \/>\n<script type=\"application\/ld+json\" class=\"yoast-schema-graph\">{\"@context\":\"https:\/\/schema.org\",\"@graph\":[{\"@type\":\"WebPage\",\"@id\":\"https:\/\/gruposhipros.com\/index.php\/product\/minisplit-estandar-ac121cf\/\",\"url\":\"https:\/\/gruposhipros.com\/index.php\/product\/minisplit-estandar-ac121cf\/\",\"name\":\"Minisplit ESTANDAR AC121CF - GRUPO SHIPROS\",\"isPartOf\":{\"@id\":\"https:\/\/gruposhipros.com\/#website\"},\"primaryImageOfPage\":{\"@id\":\"https:\/\/gruposhipros.com\/index.php\/product\/minisplit-estandar-ac121cf\/#primaryimage\"},\"image\":{\"@id\":\"https:\/\/gruposhipros.com\/index.php\/product\/minisplit-estandar-ac121cf\/#primaryimage\"},\"thumbnailUrl\":\"https:\/\/gruposhipros.com\/wp-content\/uploads\/2025\/07\/minisplit1-1.jpg\",\"datePublished\":\"2025-07-24T20:17:09+00:00\",\"dateModified\":\"2025-09-26T10:47:54+00:00\",\"breadcrumb\":{\"@id\":\"https:\/\/gruposhipros.com\/index.php\/product\/minisplit-estandar-ac121cf\/#breadcrumb\"},\"inLanguage\":\"es\",\"potentialAction\":[{\"@type\":\"ReadAction\",\"target\":[\"https:\/\/gruposhipros.com\/index.php\/product\/minisplit-estandar-ac121cf\/\"]}]},{\"@type\":\"ImageObject\",\"inLanguage\":\"es\",\"@id\":\"https:\/\/gruposhipros.com\/index.php\/product\/minisplit-estandar-ac121cf\/#primaryimage\",\"url\":\"https:\/\/gruposhipros.com\/wp-content\/uploads\/2025\/07\/minisplit1-1.jpg\",\"contentUrl\":\"https:\/\/gruposhipros.com\/wp-content\/uploads\/2025\/07\/minisplit1-1.jpg\",\"width\":810,\"height\":750},{\"@type\":\"BreadcrumbList\",\"@id\":\"https:\/\/gruposhipros.com\/index.php\/product\/minisplit-estandar-ac121cf\/#breadcrumb\",\"itemListElement\":[{\"@type\":\"ListItem\",\"position\":1,\"name\":\"Inicio\",\"item\":\"https:\/\/gruposhipros.com\/\"},{\"@type\":\"ListItem\",\"position\":2,\"name\":\"Shop\",\"item\":\"https:\/\/gruposhipros.com\/index.php\/shop\/\"},{\"@type\":\"ListItem\",\"position\":3,\"name\":\"Minisplit ESTANDAR AC121CF\"}]},{\"@type\":\"WebSite\",\"@id\":\"https:\/\/gruposhipros.com\/#website\",\"url\":\"https:\/\/gruposhipros.com\/\",\"name\":\"GRUPO SHIPROS\",\"description\":\"GRUPO SHIPROS\",\"publisher\":{\"@id\":\"https:\/\/gruposhipros.com\/#organization\"},\"alternateName\":\"GRUPO SHIPROS\",\"potentialAction\":[{\"@type\":\"SearchAction\",\"target\":{\"@type\":\"EntryPoint\",\"urlTemplate\":\"https:\/\/gruposhipros.com\/?s={search_term_string}\"},\"query-input\":{\"@type\":\"PropertyValueSpecification\",\"valueRequired\":true,\"valueName\":\"search_term_string\"}}],\"inLanguage\":\"es\"},{\"@type\":\"Organization\",\"@id\":\"https:\/\/gruposhipros.com\/#organization\",\"name\":\"GRUPO SHIPROS\",\"url\":\"https:\/\/gruposhipros.com\/\",\"logo\":{\"@type\":\"ImageObject\",\"inLanguage\":\"es\",\"@id\":\"https:\/\/gruposhipros.com\/#\/schema\/logo\/image\/\",\"url\":\"https:\/\/gruposhipros.com\/wp-content\/uploads\/2021\/09\/Logo.png\",\"contentUrl\":\"https:\/\/gruposhipros.com\/wp-content\/uploads\/2021\/09\/Logo.png\",\"width\":196,\"height\":62,\"caption\":\"GRUPO SHIPROS\"},\"image\":{\"@id\":\"https:\/\/gruposhipros.com\/#\/schema\/logo\/image\/\"}}]}<\/script>\n<!-- \/ Yoast SEO Premium plugin. -->","yoast_head_json":{"title":"Minisplit ESTANDAR AC121CF - GRUPO SHIPROS","robots":{"index":"index","follow":"follow","max-snippet":"max-snippet:-1","max-image-preview":"max-image-preview:large","max-video-preview":"max-video-preview:-1"},"canonical":"https:\/\/gruposhipros.com\/index.php\/product\/minisplit-estandar-ac121cf\/","og_locale":"es_MX","og_type":"article","og_title":"Minisplit ESTANDAR AC121CF","og_description":"Funci\u00f3n: S\u00d3LO FR\u00cdO 1 Tonelada | 115 Vts Color: Blanco SEER: 11.5 DIMENSIONES: Ancho | 79cm, Profundidad | 25.5cm, Altura | 20cm, Peso | 9Kg","og_url":"https:\/\/gruposhipros.com\/index.php\/product\/minisplit-estandar-ac121cf\/","og_site_name":"GRUPO SHIPROS","article_modified_time":"2025-09-26T10:47:54+00:00","og_image":[{"width":810,"height":750,"url":"https:\/\/gruposhipros.com\/wp-content\/uploads\/2025\/07\/minisplit1-1.jpg","type":"image\/jpeg"}],"twitter_card":"summary_large_image","twitter_misc":{"Tiempo de lectura":"1 minuto"},"schema":{"@context":"https:\/\/schema.org","@graph":[{"@type":"WebPage","@id":"https:\/\/gruposhipros.com\/index.php\/product\/minisplit-estandar-ac121cf\/","url":"https:\/\/gruposhipros.com\/index.php\/product\/minisplit-estandar-ac121cf\/","name":"Minisplit ESTANDAR AC121CF - GRUPO SHIPROS","isPartOf":{"@id":"https:\/\/gruposhipros.com\/#website"},"primaryImageOfPage":{"@id":"https:\/\/gruposhipros.com\/index.php\/product\/minisplit-estandar-ac121cf\/#primaryimage"},"image":{"@id":"https:\/\/gruposhipros.com\/index.php\/product\/minisplit-estandar-ac121cf\/#primaryimage"},"thumbnailUrl":"https:\/\/gruposhipros.com\/wp-content\/uploads\/2025\/07\/minisplit1-1.jpg","datePublished":"2025-07-24T20:17:09+00:00","dateModified":"2025-09-26T10:47:54+00:00","breadcrumb":{"@id":"https:\/\/gruposhipros.com\/index.php\/product\/minisplit-estandar-ac121cf\/#breadcrumb"},"inLanguage":"es","potentialAction":[{"@type":"ReadAction","target":["https:\/\/gruposhipros.com\/index.php\/product\/minisplit-estandar-ac121cf\/"]}]},{"@type":"ImageObject","inLanguage":"es","@id":"https:\/\/gruposhipros.com\/index.php\/product\/minisplit-estandar-ac121cf\/#primaryimage","url":"https:\/\/gruposhipros.com\/wp-content\/uploads\/2025\/07\/minisplit1-1.jpg","contentUrl":"https:\/\/gruposhipros.com\/wp-content\/uploads\/2025\/07\/minisplit1-1.jpg","width":810,"height":750},{"@type":"BreadcrumbList","@id":"https:\/\/gruposhipros.com\/index.php\/product\/minisplit-estandar-ac121cf\/#breadcrumb","itemListElement":[{"@type":"ListItem","position":1,"name":"Inicio","item":"https:\/\/gruposhipros.com\/"},{"@type":"ListItem","position":2,"name":"Shop","item":"https:\/\/gruposhipros.com\/index.php\/shop\/"},{"@type":"ListItem","position":3,"name":"Minisplit ESTANDAR AC121CF"}]},{"@type":"WebSite","@id":"https:\/\/gruposhipros.com\/#website","url":"https:\/\/gruposhipros.com\/","name":"GRUPO SHIPROS","description":"GRUPO SHIPROS","publisher":{"@id":"https:\/\/gruposhipros.com\/#organization"},"alternateName":"GRUPO SHIPROS","potentialAction":[{"@type":"SearchAction","target":{"@type":"EntryPoint","urlTemplate":"https:\/\/gruposhipros.com\/?s={search_term_string}"},"query-input":{"@type":"PropertyValueSpecification","valueRequired":true,"valueName":"search_term_string"}}],"inLanguage":"es"},{"@type":"Organization","@id":"https:\/\/gruposhipros.com\/#organization","name":"GRUPO SHIPROS","url":"https:\/\/gruposhipros.com\/","logo":{"@type":"ImageObject","inLanguage":"es","@id":"https:\/\/gruposhipros.com\/#\/schema\/logo\/image\/","url":"https:\/\/gruposhipros.com\/wp-content\/uploads\/2021\/09\/Logo.png","contentUrl":"https:\/\/gruposhipros.com\/wp-content\/uploads\/2021\/09\/Logo.png","width":196,"height":62,"caption":"GRUPO SHIPROS"},"image":{"@id":"https:\/\/gruposhipros.com\/#\/schema\/logo\/image\/"}}]}},"_links":{"self":[{"href":"https:\/\/gruposhipros.com\/index.php\/wp-json\/wp\/v2\/product\/1593","targetHints":{"allow":["GET"]}}],"collection":[{"href":"https:\/\/gruposhipros.com\/index.php\/wp-json\/wp\/v2\/product"}],"about":[{"href":"https:\/\/gruposhipros.com\/index.php\/wp-json\/wp\/v2\/types\/product"}],"replies":[{"embeddable":true,"href":"https:\/\/gruposhipros.com\/index.php\/wp-json\/wp\/v2\/comments?post=1593"}],"version-history":[{"count":1,"href":"https:\/\/gruposhipros.com\/index.php\/wp-json\/wp\/v2\/product\/1593\/revisions"}],"predecessor-version":[{"id":1595,"href":"https:\/\/gruposhipros.com\/index.php\/wp-json\/wp\/v2\/product\/1593\/revisions\/1595"}],"wp:featuredmedia":[{"embeddable":true,"href":"https:\/\/gruposhipros.com\/index.php\/wp-json\/wp\/v2\/media\/1594"}],"wp:attachment":[{"href":"https:\/\/gruposhipros.com\/index.php\/wp-json\/wp\/v2\/media?parent=1593"}],"wp:term":[{"taxonomy":"brand","embeddable":true,"href":"https:\/\/gruposhipros.com\/index.php\/wp-json\/wp\/v2\/etheme_brands?post=1593"},{"taxonomy":"product_brand","embeddable":true,"href":"https:\/\/gruposhipros.com\/index.php\/wp-json\/wp\/v2\/product_brand?post=1593"},{"taxonomy":"product_cat","embeddable":true,"href":"https:\/\/gruposhipros.com\/index.php\/wp-json\/wp\/v2\/product_cat?post=1593"},{"taxonomy":"product_tag","embeddable":true,"href":"https:\/\/gruposhipros.com\/index.php\/wp-json\/wp\/v2\/product_tag?post=1593"}],"curies":[{"name":"wp","href":"https:\/\/api.w.org\/{rel}","templated":true}]}}