{"id":1633,"date":"2025-07-28T21:43:15","date_gmt":"2025-07-28T21:43:15","guid":{"rendered":"https:\/\/gruposhipros.com\/index.php\/product\/minisplit-inverter-at242cbw-2\/"},"modified":"2025-07-28T21:43:15","modified_gmt":"2025-07-28T21:43:15","slug":"minisplit-inverter-at242cbw-2","status":"publish","type":"product","link":"https:\/\/gruposhipros.com\/index.php\/product\/minisplit-inverter-at242cbw-2\/","title":{"rendered":"Minisplit INVERTER AT242CBW"},"content":{"rendered":"<p>Caracter\u00edsticas Generales:<br \/>\n-WIFI<br \/>\n-Display LED Panel Frontal<br \/>\n-Control Remoto<br \/>\n-Panel removible y lavable<br \/>\n-Filtro de alta densidad<br \/>\n-Regulador de intensidad<br \/>\n-Temporizador de encendido y apagado<br \/>\n-3 Velocidades de ventilaci\u00f3n + S\u00faper + Quiet<br \/>\n-Funci\u00f3n Sleep (4 modos)<br \/>\n-Auto reinicio al regresar la corriente<br \/>\n-Deshumidificaci\u00f3n<br \/>\n-Capacidad de enfriamiento 11K (BTU\/h)<br \/>\n-Alimentaci\u00f3n en enfriamiento 1150 (W)<br \/>\n-Corriente de enfriamiento 10 (A)<br \/>\n-Remoci\u00f3n de humedad 1.2 (L\/h)<br \/>\n-Circulaci\u00f3n de aire (Max.) 550 (m3\/h)<br \/>\n-Voltaje, Frecuencia 115 V~, 60 Hz<br \/>\n-Tipo de refrigerante R410A<br \/>\n-Cobre\/Aluminio<\/p>\n","protected":false},"excerpt":{"rendered":"<p>1 Tonelada | 115 Vts<br \/>\nColor: Blanco<br \/>\nSEER: 16.5<br \/>\nDIMENSIONES: Ancho | 79.0cm, Profundidad | 20.0cm, Altura | 25.5cm, Peso | 9Kg<\/p>\n<p>Beneficios:<br \/>\nInverter Expert<br \/>\nSmart<br \/>\nDeflexi\u00f3n de 4 v\u00edas<br \/>\nS\u00faper<br \/>\ncooling<br \/>\nProtecci\u00f3n Integral 4 en 1<br \/>\nEco R410A<\/p>\n","protected":false},"featured_media":1632,"comment_status":"open","ping_status":"closed","template":"","meta":[],"etheme_brands":[],"product_brand":[],"product_cat":[41],"product_tag":[],"class_list":{"0":"post-1633","1":"product","2":"type-product","3":"status-publish","4":"has-post-thumbnail","6":"product_cat-mini-split-inverter","8":"first","9":"instock","10":"shipping-taxable","11":"product-type-simple"},"yoast_head":"<!-- This site is optimized with the Yoast SEO Premium plugin v23.4 (Yoast SEO v23.4) - https:\/\/yoast.com\/wordpress\/plugins\/seo\/ -->\n<title>Minisplit INVERTER AT242CBW - GRUPO SHIPROS<\/title>\n<meta name=\"robots\" content=\"index, follow, max-snippet:-1, max-image-preview:large, max-video-preview:-1\" \/>\n<link rel=\"canonical\" href=\"https:\/\/gruposhipros.com\/index.php\/product\/minisplit-inverter-at242cbw-2\/\" \/>\n<meta property=\"og:locale\" content=\"es_MX\" \/>\n<meta property=\"og:type\" content=\"article\" \/>\n<meta property=\"og:title\" content=\"Minisplit INVERTER AT242CBW\" \/>\n<meta property=\"og:description\" content=\"1 Tonelada | 115 Vts Color: Blanco SEER: 16.5 DIMENSIONES: Ancho | 79.0cm, Profundidad | 20.0cm, Altura | 25.5cm, Peso | 9Kg Beneficios: Inverter Expert Smart Deflexi\u00f3n de 4 v\u00edas S\u00faper cooling Protecci\u00f3n Integral 4 en 1 Eco R410A\" \/>\n<meta property=\"og:url\" content=\"https:\/\/gruposhipros.com\/index.php\/product\/minisplit-inverter-at242cbw-2\/\" \/>\n<meta property=\"og:site_name\" content=\"GRUPO SHIPROS\" \/>\n<meta property=\"og:image\" content=\"https:\/\/gruposhipros.com\/wp-content\/uploads\/2025\/07\/minimin.jpg\" \/>\n\t<meta property=\"og:image:width\" content=\"1080\" \/>\n\t<meta property=\"og:image:height\" content=\"1137\" \/>\n\t<meta property=\"og:image:type\" content=\"image\/jpeg\" \/>\n<meta name=\"twitter:card\" content=\"summary_large_image\" \/>\n<script type=\"application\/ld+json\" class=\"yoast-schema-graph\">{\"@context\":\"https:\/\/schema.org\",\"@graph\":[{\"@type\":\"WebPage\",\"@id\":\"https:\/\/gruposhipros.com\/index.php\/product\/minisplit-inverter-at242cbw-2\/\",\"url\":\"https:\/\/gruposhipros.com\/index.php\/product\/minisplit-inverter-at242cbw-2\/\",\"name\":\"Minisplit INVERTER AT242CBW - GRUPO SHIPROS\",\"isPartOf\":{\"@id\":\"https:\/\/gruposhipros.com\/#website\"},\"primaryImageOfPage\":{\"@id\":\"https:\/\/gruposhipros.com\/index.php\/product\/minisplit-inverter-at242cbw-2\/#primaryimage\"},\"image\":{\"@id\":\"https:\/\/gruposhipros.com\/index.php\/product\/minisplit-inverter-at242cbw-2\/#primaryimage\"},\"thumbnailUrl\":\"https:\/\/gruposhipros.com\/wp-content\/uploads\/2025\/07\/invert5-1.jpg\",\"datePublished\":\"2025-07-28T21:43:15+00:00\",\"dateModified\":\"2025-07-28T21:43:15+00:00\",\"breadcrumb\":{\"@id\":\"https:\/\/gruposhipros.com\/index.php\/product\/minisplit-inverter-at242cbw-2\/#breadcrumb\"},\"inLanguage\":\"es\",\"potentialAction\":[{\"@type\":\"ReadAction\",\"target\":[\"https:\/\/gruposhipros.com\/index.php\/product\/minisplit-inverter-at242cbw-2\/\"]}]},{\"@type\":\"ImageObject\",\"inLanguage\":\"es\",\"@id\":\"https:\/\/gruposhipros.com\/index.php\/product\/minisplit-inverter-at242cbw-2\/#primaryimage\",\"url\":\"https:\/\/gruposhipros.com\/wp-content\/uploads\/2025\/07\/invert5-1.jpg\",\"contentUrl\":\"https:\/\/gruposhipros.com\/wp-content\/uploads\/2025\/07\/invert5-1.jpg\",\"width\":810,\"height\":750},{\"@type\":\"BreadcrumbList\",\"@id\":\"https:\/\/gruposhipros.com\/index.php\/product\/minisplit-inverter-at242cbw-2\/#breadcrumb\",\"itemListElement\":[{\"@type\":\"ListItem\",\"position\":1,\"name\":\"Inicio\",\"item\":\"https:\/\/gruposhipros.com\/\"},{\"@type\":\"ListItem\",\"position\":2,\"name\":\"Shop\",\"item\":\"https:\/\/gruposhipros.com\/index.php\/shop\/\"},{\"@type\":\"ListItem\",\"position\":3,\"name\":\"Minisplit INVERTER AT242CBW\"}]},{\"@type\":\"WebSite\",\"@id\":\"https:\/\/gruposhipros.com\/#website\",\"url\":\"https:\/\/gruposhipros.com\/\",\"name\":\"GRUPO SHIPROS\",\"description\":\"GRUPO SHIPROS\",\"publisher\":{\"@id\":\"https:\/\/gruposhipros.com\/#organization\"},\"alternateName\":\"GRUPO SHIPROS\",\"potentialAction\":[{\"@type\":\"SearchAction\",\"target\":{\"@type\":\"EntryPoint\",\"urlTemplate\":\"https:\/\/gruposhipros.com\/?s={search_term_string}\"},\"query-input\":{\"@type\":\"PropertyValueSpecification\",\"valueRequired\":true,\"valueName\":\"search_term_string\"}}],\"inLanguage\":\"es\"},{\"@type\":\"Organization\",\"@id\":\"https:\/\/gruposhipros.com\/#organization\",\"name\":\"GRUPO SHIPROS\",\"url\":\"https:\/\/gruposhipros.com\/\",\"logo\":{\"@type\":\"ImageObject\",\"inLanguage\":\"es\",\"@id\":\"https:\/\/gruposhipros.com\/#\/schema\/logo\/image\/\",\"url\":\"https:\/\/gruposhipros.com\/wp-content\/uploads\/2021\/09\/Logo.png\",\"contentUrl\":\"https:\/\/gruposhipros.com\/wp-content\/uploads\/2021\/09\/Logo.png\",\"width\":196,\"height\":62,\"caption\":\"GRUPO SHIPROS\"},\"image\":{\"@id\":\"https:\/\/gruposhipros.com\/#\/schema\/logo\/image\/\"}}]}<\/script>\n<!-- \/ Yoast SEO Premium plugin. -->","yoast_head_json":{"title":"Minisplit INVERTER AT242CBW - GRUPO SHIPROS","robots":{"index":"index","follow":"follow","max-snippet":"max-snippet:-1","max-image-preview":"max-image-preview:large","max-video-preview":"max-video-preview:-1"},"canonical":"https:\/\/gruposhipros.com\/index.php\/product\/minisplit-inverter-at242cbw-2\/","og_locale":"es_MX","og_type":"article","og_title":"Minisplit INVERTER AT242CBW","og_description":"1 Tonelada | 115 Vts Color: Blanco SEER: 16.5 DIMENSIONES: Ancho | 79.0cm, Profundidad | 20.0cm, Altura | 25.5cm, Peso | 9Kg Beneficios: Inverter Expert Smart Deflexi\u00f3n de 4 v\u00edas S\u00faper cooling Protecci\u00f3n Integral 4 en 1 Eco R410A","og_url":"https:\/\/gruposhipros.com\/index.php\/product\/minisplit-inverter-at242cbw-2\/","og_site_name":"GRUPO SHIPROS","og_image":[{"width":1080,"height":1137,"url":"https:\/\/gruposhipros.com\/wp-content\/uploads\/2025\/07\/minimin.jpg","type":"image\/jpeg"}],"twitter_card":"summary_large_image","schema":{"@context":"https:\/\/schema.org","@graph":[{"@type":"WebPage","@id":"https:\/\/gruposhipros.com\/index.php\/product\/minisplit-inverter-at242cbw-2\/","url":"https:\/\/gruposhipros.com\/index.php\/product\/minisplit-inverter-at242cbw-2\/","name":"Minisplit INVERTER AT242CBW - GRUPO SHIPROS","isPartOf":{"@id":"https:\/\/gruposhipros.com\/#website"},"primaryImageOfPage":{"@id":"https:\/\/gruposhipros.com\/index.php\/product\/minisplit-inverter-at242cbw-2\/#primaryimage"},"image":{"@id":"https:\/\/gruposhipros.com\/index.php\/product\/minisplit-inverter-at242cbw-2\/#primaryimage"},"thumbnailUrl":"https:\/\/gruposhipros.com\/wp-content\/uploads\/2025\/07\/invert5-1.jpg","datePublished":"2025-07-28T21:43:15+00:00","dateModified":"2025-07-28T21:43:15+00:00","breadcrumb":{"@id":"https:\/\/gruposhipros.com\/index.php\/product\/minisplit-inverter-at242cbw-2\/#breadcrumb"},"inLanguage":"es","potentialAction":[{"@type":"ReadAction","target":["https:\/\/gruposhipros.com\/index.php\/product\/minisplit-inverter-at242cbw-2\/"]}]},{"@type":"ImageObject","inLanguage":"es","@id":"https:\/\/gruposhipros.com\/index.php\/product\/minisplit-inverter-at242cbw-2\/#primaryimage","url":"https:\/\/gruposhipros.com\/wp-content\/uploads\/2025\/07\/invert5-1.jpg","contentUrl":"https:\/\/gruposhipros.com\/wp-content\/uploads\/2025\/07\/invert5-1.jpg","width":810,"height":750},{"@type":"BreadcrumbList","@id":"https:\/\/gruposhipros.com\/index.php\/product\/minisplit-inverter-at242cbw-2\/#breadcrumb","itemListElement":[{"@type":"ListItem","position":1,"name":"Inicio","item":"https:\/\/gruposhipros.com\/"},{"@type":"ListItem","position":2,"name":"Shop","item":"https:\/\/gruposhipros.com\/index.php\/shop\/"},{"@type":"ListItem","position":3,"name":"Minisplit INVERTER AT242CBW"}]},{"@type":"WebSite","@id":"https:\/\/gruposhipros.com\/#website","url":"https:\/\/gruposhipros.com\/","name":"GRUPO SHIPROS","description":"GRUPO SHIPROS","publisher":{"@id":"https:\/\/gruposhipros.com\/#organization"},"alternateName":"GRUPO SHIPROS","potentialAction":[{"@type":"SearchAction","target":{"@type":"EntryPoint","urlTemplate":"https:\/\/gruposhipros.com\/?s={search_term_string}"},"query-input":{"@type":"PropertyValueSpecification","valueRequired":true,"valueName":"search_term_string"}}],"inLanguage":"es"},{"@type":"Organization","@id":"https:\/\/gruposhipros.com\/#organization","name":"GRUPO SHIPROS","url":"https:\/\/gruposhipros.com\/","logo":{"@type":"ImageObject","inLanguage":"es","@id":"https:\/\/gruposhipros.com\/#\/schema\/logo\/image\/","url":"https:\/\/gruposhipros.com\/wp-content\/uploads\/2021\/09\/Logo.png","contentUrl":"https:\/\/gruposhipros.com\/wp-content\/uploads\/2021\/09\/Logo.png","width":196,"height":62,"caption":"GRUPO SHIPROS"},"image":{"@id":"https:\/\/gruposhipros.com\/#\/schema\/logo\/image\/"}}]}},"_links":{"self":[{"href":"https:\/\/gruposhipros.com\/index.php\/wp-json\/wp\/v2\/product\/1633","targetHints":{"allow":["GET"]}}],"collection":[{"href":"https:\/\/gruposhipros.com\/index.php\/wp-json\/wp\/v2\/product"}],"about":[{"href":"https:\/\/gruposhipros.com\/index.php\/wp-json\/wp\/v2\/types\/product"}],"replies":[{"embeddable":true,"href":"https:\/\/gruposhipros.com\/index.php\/wp-json\/wp\/v2\/comments?post=1633"}],"version-history":[{"count":0,"href":"https:\/\/gruposhipros.com\/index.php\/wp-json\/wp\/v2\/product\/1633\/revisions"}],"wp:featuredmedia":[{"embeddable":true,"href":"https:\/\/gruposhipros.com\/index.php\/wp-json\/wp\/v2\/media\/1632"}],"wp:attachment":[{"href":"https:\/\/gruposhipros.com\/index.php\/wp-json\/wp\/v2\/media?parent=1633"}],"wp:term":[{"taxonomy":"brand","embeddable":true,"href":"https:\/\/gruposhipros.com\/index.php\/wp-json\/wp\/v2\/etheme_brands?post=1633"},{"taxonomy":"product_brand","embeddable":true,"href":"https:\/\/gruposhipros.com\/index.php\/wp-json\/wp\/v2\/product_brand?post=1633"},{"taxonomy":"product_cat","embeddable":true,"href":"https:\/\/gruposhipros.com\/index.php\/wp-json\/wp\/v2\/product_cat?post=1633"},{"taxonomy":"product_tag","embeddable":true,"href":"https:\/\/gruposhipros.com\/index.php\/wp-json\/wp\/v2\/product_tag?post=1633"}],"curies":[{"name":"wp","href":"https:\/\/api.w.org\/{rel}","templated":true}]}}