{"id":1652,"date":"2025-07-29T00:26:00","date_gmt":"2025-07-29T00:26:00","guid":{"rendered":"https:\/\/gruposhipros.com\/index.php\/product\/fancoil-inverter-3\/"},"modified":"2025-10-23T06:49:05","modified_gmt":"2025-10-23T06:49:05","slug":"fancoil-inverter-3","status":"publish","type":"product","link":"https:\/\/gruposhipros.com\/index.php\/product\/fancoil-inverter-3\/","title":{"rendered":"Fan&#038;Coil INVERTER"},"content":{"rendered":"<p>Caracter\u00edsticas Generales:<br \/>\n&#8211; Termostato Incluido.<br \/>\n&#8211; Bomba de condensados.<br \/>\n&#8211; Filtro removible y lavable.<br \/>\n&#8211; Alarma en bomba de condensacion.<br \/>\n&#8211; Temporizador de encendido\/apagado.<br \/>\n&#8211; 3 Velocidades de ventilaci\u00f3n.<br \/>\n&#8211; Ajuste de caida de presion en el ducto hasta 120 Mpa.<br \/>\n&#8211; Auto reinicio al regresar la corriente.<br \/>\n&#8211; Retorno ductable horizontal y vertical.<br \/>\n&#8211; Distancia m\u00e1xima entre IDU-ODU 50mts<br \/>\n&#8211; Altura m\u00e1xima entre IDU-ODU 30mts<\/p>\n<p>Caracter\u00edsticas T\u00e9cnicas:<br \/>\n-Capacidad de enfriamiento 48 kBTU\/h<br \/>\n-Alimentaci\u00f3n en enfriamiento 6300 W<br \/>\n-Corriente de enfriamiento 28.1 A<br \/>\n-Capacidad en calefacci\u00f3n 54 kBTU\/h<br \/>\n-Alimentaci\u00f3n en calefacci\u00f3n 5400 W<br \/>\n-Corriente de enfriamiento 23.8 A<br \/>\n-Caudal de aire (H\/M\/L) 1294\/1206\/1118 (CFM)<br \/>\n-Nivel de sonido interior (dB A) 46\/43\/40<br \/>\n-Nivel de sonido exterior (dB A) 56<br \/>\n-Tipo de valvual expansion: EEV<br \/>\n-Acometida: 220v\/1f\/60hz<br \/>\n-Tipo de refrigerante R410A<br \/>\n&#8211; Rango de Operaci\u00f3n:<br \/>\n&#8211; Enfriamiento: 18\u00b0C ~ 43\u00b0C<br \/>\n&#8211; Calefacci\u00f3n: -7\u00b0C ~ 24\u00b0C<br \/>\n&#8211; Serpentin: Cobre\/Aluminio<br \/>\n&#8211; Conexi\u00f3n Liq \/ Gas: \u03a6 3\/8\u201c \/ 3\/4&#8243;<\/p>\n","protected":false},"excerpt":{"rendered":"<p>48 kBtus\/h \u00f3 4 Toneladas 220V<br \/>\nSEER: 16.0<br \/>\nFunci\u00f3n: FR\u00cdO-CALOR<br \/>\nDimensiones Unidad Interior:<br \/>\nAncho | 130cm, Largo | 80cm, Altura | 35cm, Peso | 51Kg<br \/>\nDimensiones Unidad Exterior:<br \/>\nAncho | 95cm, Largo | 138.6cm, Altura | 34cm, Peso | 113Kg<\/p>\n<p>Beneficios:<br \/>\nEco R410A<br \/>\nBomba de Condensados<br \/>\nAnalisis de Fugas<br \/>\nAlarma Desborde<br \/>\nAlta Eficiencia<br \/>\nSerpentin Anti-Bacterial<br \/>\nInverter 100%<\/p>\n","protected":false},"featured_media":1651,"comment_status":"open","ping_status":"closed","template":"","meta":[],"etheme_brands":[],"product_brand":[],"product_cat":[42],"product_tag":[],"class_list":{"0":"post-1652","1":"product","2":"type-product","3":"status-publish","4":"has-post-thumbnail","6":"product_cat-comercial-ligero","8":"first","9":"instock","10":"shipping-taxable","11":"product-type-simple"},"yoast_head":"<!-- This site is optimized with the Yoast SEO Premium plugin v23.4 (Yoast SEO v23.4) - https:\/\/yoast.com\/wordpress\/plugins\/seo\/ -->\n<title>Fan&amp;Coil INVERTER - GRUPO SHIPROS<\/title>\n<meta name=\"robots\" content=\"index, follow, max-snippet:-1, max-image-preview:large, max-video-preview:-1\" \/>\n<link rel=\"canonical\" href=\"https:\/\/gruposhipros.com\/index.php\/product\/fancoil-inverter-3\/\" \/>\n<meta property=\"og:locale\" content=\"es_MX\" \/>\n<meta property=\"og:type\" content=\"article\" \/>\n<meta property=\"og:title\" content=\"Fan&amp;Coil INVERTER\" \/>\n<meta property=\"og:description\" content=\"48 kBtus\/h \u00f3 4 Toneladas 220V SEER: 16.0 Funci\u00f3n: FR\u00cdO-CALOR Dimensiones Unidad Interior: Ancho | 130cm, Largo | 80cm, Altura | 35cm, Peso | 51Kg Dimensiones Unidad Exterior: Ancho | 95cm, Largo | 138.6cm, Altura | 34cm, Peso | 113Kg Beneficios: Eco R410A Bomba de Condensados Analisis de Fugas Alarma Desborde Alta Eficiencia Serpentin Anti-Bacterial Inverter 100%\" \/>\n<meta property=\"og:url\" content=\"https:\/\/gruposhipros.com\/index.php\/product\/fancoil-inverter-3\/\" \/>\n<meta property=\"og:site_name\" content=\"GRUPO SHIPROS\" \/>\n<meta property=\"article:modified_time\" content=\"2025-10-23T06:49:05+00:00\" \/>\n<meta property=\"og:image\" content=\"https:\/\/gruposhipros.com\/wp-content\/uploads\/2025\/07\/minimin.jpg\" \/>\n\t<meta property=\"og:image:width\" content=\"1080\" \/>\n\t<meta property=\"og:image:height\" content=\"1137\" \/>\n\t<meta property=\"og:image:type\" content=\"image\/jpeg\" \/>\n<meta name=\"twitter:card\" content=\"summary_large_image\" \/>\n<meta name=\"twitter:label1\" content=\"Tiempo de lectura\" \/>\n\t<meta name=\"twitter:data1\" content=\"1 minuto\" \/>\n<script type=\"application\/ld+json\" class=\"yoast-schema-graph\">{\"@context\":\"https:\/\/schema.org\",\"@graph\":[{\"@type\":\"WebPage\",\"@id\":\"https:\/\/gruposhipros.com\/index.php\/product\/fancoil-inverter-3\/\",\"url\":\"https:\/\/gruposhipros.com\/index.php\/product\/fancoil-inverter-3\/\",\"name\":\"Fan&Coil INVERTER - GRUPO SHIPROS\",\"isPartOf\":{\"@id\":\"https:\/\/gruposhipros.com\/#website\"},\"primaryImageOfPage\":{\"@id\":\"https:\/\/gruposhipros.com\/index.php\/product\/fancoil-inverter-3\/#primaryimage\"},\"image\":{\"@id\":\"https:\/\/gruposhipros.com\/index.php\/product\/fancoil-inverter-3\/#primaryimage\"},\"thumbnailUrl\":\"https:\/\/gruposhipros.com\/wp-content\/uploads\/2025\/07\/comer3-1.jpg\",\"datePublished\":\"2025-07-29T00:26:00+00:00\",\"dateModified\":\"2025-10-23T06:49:05+00:00\",\"breadcrumb\":{\"@id\":\"https:\/\/gruposhipros.com\/index.php\/product\/fancoil-inverter-3\/#breadcrumb\"},\"inLanguage\":\"es\",\"potentialAction\":[{\"@type\":\"ReadAction\",\"target\":[\"https:\/\/gruposhipros.com\/index.php\/product\/fancoil-inverter-3\/\"]}]},{\"@type\":\"ImageObject\",\"inLanguage\":\"es\",\"@id\":\"https:\/\/gruposhipros.com\/index.php\/product\/fancoil-inverter-3\/#primaryimage\",\"url\":\"https:\/\/gruposhipros.com\/wp-content\/uploads\/2025\/07\/comer3-1.jpg\",\"contentUrl\":\"https:\/\/gruposhipros.com\/wp-content\/uploads\/2025\/07\/comer3-1.jpg\",\"width\":810,\"height\":750},{\"@type\":\"BreadcrumbList\",\"@id\":\"https:\/\/gruposhipros.com\/index.php\/product\/fancoil-inverter-3\/#breadcrumb\",\"itemListElement\":[{\"@type\":\"ListItem\",\"position\":1,\"name\":\"Inicio\",\"item\":\"https:\/\/gruposhipros.com\/\"},{\"@type\":\"ListItem\",\"position\":2,\"name\":\"Shop\",\"item\":\"https:\/\/gruposhipros.com\/index.php\/shop\/\"},{\"@type\":\"ListItem\",\"position\":3,\"name\":\"Fan&#038;Coil INVERTER\"}]},{\"@type\":\"WebSite\",\"@id\":\"https:\/\/gruposhipros.com\/#website\",\"url\":\"https:\/\/gruposhipros.com\/\",\"name\":\"GRUPO SHIPROS\",\"description\":\"GRUPO SHIPROS\",\"publisher\":{\"@id\":\"https:\/\/gruposhipros.com\/#organization\"},\"alternateName\":\"GRUPO SHIPROS\",\"potentialAction\":[{\"@type\":\"SearchAction\",\"target\":{\"@type\":\"EntryPoint\",\"urlTemplate\":\"https:\/\/gruposhipros.com\/?s={search_term_string}\"},\"query-input\":{\"@type\":\"PropertyValueSpecification\",\"valueRequired\":true,\"valueName\":\"search_term_string\"}}],\"inLanguage\":\"es\"},{\"@type\":\"Organization\",\"@id\":\"https:\/\/gruposhipros.com\/#organization\",\"name\":\"GRUPO SHIPROS\",\"url\":\"https:\/\/gruposhipros.com\/\",\"logo\":{\"@type\":\"ImageObject\",\"inLanguage\":\"es\",\"@id\":\"https:\/\/gruposhipros.com\/#\/schema\/logo\/image\/\",\"url\":\"https:\/\/gruposhipros.com\/wp-content\/uploads\/2021\/09\/Logo.png\",\"contentUrl\":\"https:\/\/gruposhipros.com\/wp-content\/uploads\/2021\/09\/Logo.png\",\"width\":196,\"height\":62,\"caption\":\"GRUPO SHIPROS\"},\"image\":{\"@id\":\"https:\/\/gruposhipros.com\/#\/schema\/logo\/image\/\"}}]}<\/script>\n<!-- \/ Yoast SEO Premium plugin. -->","yoast_head_json":{"title":"Fan&Coil INVERTER - GRUPO SHIPROS","robots":{"index":"index","follow":"follow","max-snippet":"max-snippet:-1","max-image-preview":"max-image-preview:large","max-video-preview":"max-video-preview:-1"},"canonical":"https:\/\/gruposhipros.com\/index.php\/product\/fancoil-inverter-3\/","og_locale":"es_MX","og_type":"article","og_title":"Fan&Coil INVERTER","og_description":"48 kBtus\/h \u00f3 4 Toneladas 220V SEER: 16.0 Funci\u00f3n: FR\u00cdO-CALOR Dimensiones Unidad Interior: Ancho | 130cm, Largo | 80cm, Altura | 35cm, Peso | 51Kg Dimensiones Unidad Exterior: Ancho | 95cm, Largo | 138.6cm, Altura | 34cm, Peso | 113Kg Beneficios: Eco R410A Bomba de Condensados Analisis de Fugas Alarma Desborde Alta Eficiencia Serpentin Anti-Bacterial Inverter 100%","og_url":"https:\/\/gruposhipros.com\/index.php\/product\/fancoil-inverter-3\/","og_site_name":"GRUPO SHIPROS","article_modified_time":"2025-10-23T06:49:05+00:00","og_image":[{"width":1080,"height":1137,"url":"https:\/\/gruposhipros.com\/wp-content\/uploads\/2025\/07\/minimin.jpg","type":"image\/jpeg"}],"twitter_card":"summary_large_image","twitter_misc":{"Tiempo de lectura":"1 minuto"},"schema":{"@context":"https:\/\/schema.org","@graph":[{"@type":"WebPage","@id":"https:\/\/gruposhipros.com\/index.php\/product\/fancoil-inverter-3\/","url":"https:\/\/gruposhipros.com\/index.php\/product\/fancoil-inverter-3\/","name":"Fan&Coil INVERTER - GRUPO SHIPROS","isPartOf":{"@id":"https:\/\/gruposhipros.com\/#website"},"primaryImageOfPage":{"@id":"https:\/\/gruposhipros.com\/index.php\/product\/fancoil-inverter-3\/#primaryimage"},"image":{"@id":"https:\/\/gruposhipros.com\/index.php\/product\/fancoil-inverter-3\/#primaryimage"},"thumbnailUrl":"https:\/\/gruposhipros.com\/wp-content\/uploads\/2025\/07\/comer3-1.jpg","datePublished":"2025-07-29T00:26:00+00:00","dateModified":"2025-10-23T06:49:05+00:00","breadcrumb":{"@id":"https:\/\/gruposhipros.com\/index.php\/product\/fancoil-inverter-3\/#breadcrumb"},"inLanguage":"es","potentialAction":[{"@type":"ReadAction","target":["https:\/\/gruposhipros.com\/index.php\/product\/fancoil-inverter-3\/"]}]},{"@type":"ImageObject","inLanguage":"es","@id":"https:\/\/gruposhipros.com\/index.php\/product\/fancoil-inverter-3\/#primaryimage","url":"https:\/\/gruposhipros.com\/wp-content\/uploads\/2025\/07\/comer3-1.jpg","contentUrl":"https:\/\/gruposhipros.com\/wp-content\/uploads\/2025\/07\/comer3-1.jpg","width":810,"height":750},{"@type":"BreadcrumbList","@id":"https:\/\/gruposhipros.com\/index.php\/product\/fancoil-inverter-3\/#breadcrumb","itemListElement":[{"@type":"ListItem","position":1,"name":"Inicio","item":"https:\/\/gruposhipros.com\/"},{"@type":"ListItem","position":2,"name":"Shop","item":"https:\/\/gruposhipros.com\/index.php\/shop\/"},{"@type":"ListItem","position":3,"name":"Fan&#038;Coil INVERTER"}]},{"@type":"WebSite","@id":"https:\/\/gruposhipros.com\/#website","url":"https:\/\/gruposhipros.com\/","name":"GRUPO SHIPROS","description":"GRUPO SHIPROS","publisher":{"@id":"https:\/\/gruposhipros.com\/#organization"},"alternateName":"GRUPO SHIPROS","potentialAction":[{"@type":"SearchAction","target":{"@type":"EntryPoint","urlTemplate":"https:\/\/gruposhipros.com\/?s={search_term_string}"},"query-input":{"@type":"PropertyValueSpecification","valueRequired":true,"valueName":"search_term_string"}}],"inLanguage":"es"},{"@type":"Organization","@id":"https:\/\/gruposhipros.com\/#organization","name":"GRUPO SHIPROS","url":"https:\/\/gruposhipros.com\/","logo":{"@type":"ImageObject","inLanguage":"es","@id":"https:\/\/gruposhipros.com\/#\/schema\/logo\/image\/","url":"https:\/\/gruposhipros.com\/wp-content\/uploads\/2021\/09\/Logo.png","contentUrl":"https:\/\/gruposhipros.com\/wp-content\/uploads\/2021\/09\/Logo.png","width":196,"height":62,"caption":"GRUPO SHIPROS"},"image":{"@id":"https:\/\/gruposhipros.com\/#\/schema\/logo\/image\/"}}]}},"_links":{"self":[{"href":"https:\/\/gruposhipros.com\/index.php\/wp-json\/wp\/v2\/product\/1652","targetHints":{"allow":["GET"]}}],"collection":[{"href":"https:\/\/gruposhipros.com\/index.php\/wp-json\/wp\/v2\/product"}],"about":[{"href":"https:\/\/gruposhipros.com\/index.php\/wp-json\/wp\/v2\/types\/product"}],"replies":[{"embeddable":true,"href":"https:\/\/gruposhipros.com\/index.php\/wp-json\/wp\/v2\/comments?post=1652"}],"version-history":[{"count":0,"href":"https:\/\/gruposhipros.com\/index.php\/wp-json\/wp\/v2\/product\/1652\/revisions"}],"wp:featuredmedia":[{"embeddable":true,"href":"https:\/\/gruposhipros.com\/index.php\/wp-json\/wp\/v2\/media\/1651"}],"wp:attachment":[{"href":"https:\/\/gruposhipros.com\/index.php\/wp-json\/wp\/v2\/media?parent=1652"}],"wp:term":[{"taxonomy":"brand","embeddable":true,"href":"https:\/\/gruposhipros.com\/index.php\/wp-json\/wp\/v2\/etheme_brands?post=1652"},{"taxonomy":"product_brand","embeddable":true,"href":"https:\/\/gruposhipros.com\/index.php\/wp-json\/wp\/v2\/product_brand?post=1652"},{"taxonomy":"product_cat","embeddable":true,"href":"https:\/\/gruposhipros.com\/index.php\/wp-json\/wp\/v2\/product_cat?post=1652"},{"taxonomy":"product_tag","embeddable":true,"href":"https:\/\/gruposhipros.com\/index.php\/wp-json\/wp\/v2\/product_tag?post=1652"}],"curies":[{"name":"wp","href":"https:\/\/api.w.org\/{rel}","templated":true}]}}